{"id":593,"date":"2025-04-11T10:25:22","date_gmt":"2025-04-11T10:25:22","guid":{"rendered":"https:\/\/segelbild.de\/?page_id=593"},"modified":"2025-08-27T12:34:08","modified_gmt":"2025-08-27T12:34:08","slug":"segelbilder-auftragsmalerei-marinemalerei","status":"publish","type":"page","link":"https:\/\/segelbild.de\/en\/segelbilder-auftragsmalerei-marinemalerei\/","title":{"rendered":"Painting on commission"},"content":{"rendered":"\t\t<div data-elementor-type=\"wp-page\" data-elementor-id=\"593\" class=\"elementor elementor-593\" data-elementor-post-type=\"page\">\n\t\t\t\t<div class=\"elementor-element elementor-element-d0cac7b e-flex e-con-boxed e-con e-parent\" data-id=\"d0cac7b\" data-element_type=\"container\" data-e-type=\"container\">\n\t\t\t\t\t<div class=\"e-con-inner\">\n\t\t\t\t<div class=\"elementor-element elementor-element-9e09c3f elementor-widget elementor-widget-heading\" data-id=\"9e09c3f\" data-element_type=\"widget\" data-e-type=\"widget\" data-widget_type=\"heading.default\">\n\t\t\t\t<div class=\"elementor-widget-container\">\n\t\t\t\t\t<h1 class=\"elementor-heading-title elementor-size-default\">Auftragsmalerei in h\u00f6chster Qualit\u00e4t <\/h1>\t\t\t\t<\/div>\n\t\t\t\t<\/div>\n\t\t\t\t<div class=\"elementor-element elementor-element-47a3c61 elementor-widget__width-initial elementor-widget elementor-widget-text-editor\" data-id=\"47a3c61\" data-element_type=\"widget\" data-e-type=\"widget\" data-widget_type=\"text-editor.default\">\n\t\t\t\t<div class=\"elementor-widget-container\">\n\t\t\t\t\t\t\t\t\t<p>Individuelle Marinemalerei<\/p>\t\t\t\t\t\t\t\t<\/div>\n\t\t\t\t<\/div>\n\t\t\t\t\t<\/div>\n\t\t\t\t<\/div>\n\t\t<div class=\"elementor-element elementor-element-199b073 e-flex e-con-boxed e-con e-parent\" data-id=\"199b073\" data-element_type=\"container\" data-e-type=\"container\">\n\t\t\t\t\t<div class=\"e-con-inner\">\n\t\t<div class=\"elementor-element elementor-element-7fc7865 e-con-full e-flex e-con e-child\" data-id=\"7fc7865\" data-element_type=\"container\" data-e-type=\"container\" data-settings=\"{&quot;sticky&quot;:&quot;top&quot;,&quot;sticky_on&quot;:[&quot;desktop&quot;],&quot;sticky_offset&quot;:100,&quot;sticky_parent&quot;:&quot;yes&quot;,&quot;sticky_effects_offset&quot;:0,&quot;sticky_anchor_link_offset&quot;:0}\">\n\t\t\t\t<div class=\"elementor-element elementor-element-e20ba95 gallery-spacing-custom elementor-widget elementor-widget-image-gallery\" data-id=\"e20ba95\" data-element_type=\"widget\" data-e-type=\"widget\" data-widget_type=\"image-gallery.default\">\n\t\t\t\t<div class=\"elementor-widget-container\">\n\t\t\t\t\t\t\t<div class=\"elementor-image-gallery\">\n\t\t\t<div id='gallery-1' class='gallery galleryid-593 gallery-columns-1 gallery-size-full'><figure class='gallery-item'>\n\t\t\t<div class='gallery-icon landscape'>\n\t\t\t\t<a data-elementor-open-lightbox=\"yes\" data-elementor-lightbox-slideshow=\"e20ba95\" data-elementor-lightbox-title=\"Der-Cup-140-x-100-cm\" data-e-action-hash=\"#elementor-action%3Aaction%3Dlightbox%26settings%3DeyJpZCI6MjksInVybCI6Imh0dHBzOlwvXC9zZWdlbGJpbGQuZGVcL3dwLWNvbnRlbnRcL3VwbG9hZHNcLzIwMjVcLzAzXC9EZXItQ3VwLTE0MC14LTEwMC1jbS5qcGciLCJzbGlkZXNob3ciOiJlMjBiYTk1In0%3D\" href='https:\/\/segelbild.de\/wp-content\/uploads\/2025\/03\/Der-Cup-140-x-100-cm.jpg'><img fetchpriority=\"high\" decoding=\"async\" width=\"1280\" height=\"915\" src=\"https:\/\/segelbild.de\/wp-content\/uploads\/2025\/03\/Der-Cup-140-x-100-cm.jpg\" class=\"attachment-full size-full\" alt=\"Der Cup\" srcset=\"https:\/\/segelbild.de\/wp-content\/uploads\/2025\/03\/Der-Cup-140-x-100-cm.jpg 1280w, https:\/\/segelbild.de\/wp-content\/uploads\/2025\/03\/Der-Cup-140-x-100-cm-300x214.jpg 300w, https:\/\/segelbild.de\/wp-content\/uploads\/2025\/03\/Der-Cup-140-x-100-cm-1024x732.jpg 1024w, https:\/\/segelbild.de\/wp-content\/uploads\/2025\/03\/Der-Cup-140-x-100-cm-768x549.jpg 768w, https:\/\/segelbild.de\/wp-content\/uploads\/2025\/03\/Der-Cup-140-x-100-cm-18x12.jpg 18w\" sizes=\"(max-width: 1280px) 100vw, 1280px\" \/><\/a>\n\t\t\t<\/div><\/figure><figure class='gallery-item'>\n\t\t\t<div class='gallery-icon landscape'>\n\t\t\t\t<a data-elementor-open-lightbox=\"yes\" data-elementor-lightbox-slideshow=\"e20ba95\" data-elementor-lightbox-title=\"Blue-Serenade\" data-e-action-hash=\"#elementor-action%3Aaction%3Dlightbox%26settings%3DeyJpZCI6MjcsInVybCI6Imh0dHBzOlwvXC9zZWdlbGJpbGQuZGVcL3dwLWNvbnRlbnRcL3VwbG9hZHNcLzIwMjVcLzAzXC9CbHVlLVNlcmVuYWRlLmpwZyIsInNsaWRlc2hvdyI6ImUyMGJhOTUifQ%3D%3D\" href='https:\/\/segelbild.de\/wp-content\/uploads\/2025\/03\/Blue-Serenade.jpg'><img decoding=\"async\" width=\"1280\" height=\"738\" src=\"https:\/\/segelbild.de\/wp-content\/uploads\/2025\/03\/Blue-Serenade.jpg\" class=\"attachment-full size-full\" alt=\"Blue Serenade\" srcset=\"https:\/\/segelbild.de\/wp-content\/uploads\/2025\/03\/Blue-Serenade.jpg 1280w, https:\/\/segelbild.de\/wp-content\/uploads\/2025\/03\/Blue-Serenade-300x173.jpg 300w, https:\/\/segelbild.de\/wp-content\/uploads\/2025\/03\/Blue-Serenade-1024x590.jpg 1024w, https:\/\/segelbild.de\/wp-content\/uploads\/2025\/03\/Blue-Serenade-768x443.jpg 768w, https:\/\/segelbild.de\/wp-content\/uploads\/2025\/03\/Blue-Serenade-18x10.jpg 18w\" sizes=\"(max-width: 1280px) 100vw, 1280px\" \/><\/a>\n\t\t\t<\/div><\/figure>\n\t\t<\/div>\n\t\t<\/div>\n\t\t\t\t\t\t<\/div>\n\t\t\t\t<\/div>\n\t\t\t\t<\/div>\n\t\t<div class=\"elementor-element elementor-element-deff74e e-con-full e-flex e-con e-child\" data-id=\"deff74e\" data-element_type=\"container\" data-e-type=\"container\">\n\t\t\t\t<div class=\"elementor-element elementor-element-9d36c4f elementor-widget elementor-widget-text-editor\" data-id=\"9d36c4f\" data-element_type=\"widget\" data-e-type=\"widget\" data-widget_type=\"text-editor.default\">\n\t\t\t\t<div class=\"elementor-widget-container\">\n\t\t\t\t\t\t\t\t\t<p>Die Auftragsmalerei ist seit jeher ein Herzst\u00fcck der Marinemalerei \u2013 und genau hier liegt auch ihr Ursprung. Schon im 18. und 19. Jahrhundert lie\u00dfen Eigner, Reeder und Kapit\u00e4ne ihre stolzen Schiffe auf Leinwand verewigen, um ihre privaten R\u00e4ume oder Repr\u00e4sentationsr\u00e4ume zu schm\u00fccken.<\/p><p>Diese Tradition lebt bis heute weiter \u2013 modern interpretiert und mit pers\u00f6nlicher Handschrift. Ob als einzigartiges Schiffsbild, als emotionale Erinnerung an eine Reise oder als stimmungsvolles Gem\u00e4lde mit maritimem Flair \u2013 meine Kunden kommen aus unterschiedlichsten Bereichen, aber sie alle verbindet der Wunsch nach einem ma\u00dfgeschneiderten Kunstwerk mit Charakter.<\/p><p>Jede Auftragsarbeit stellt f\u00fcr mich eine neue, spannende Herausforderung dar. Ich nehme mir Zeit f\u00fcr Ihre Ideen und entwickle gemeinsam mit Ihnen ein Bild, das exakt Ihren Vorstellungen entspricht \u2013 in Motiv, Stil, Format und Farbgebung.<\/p><p>Ein besonderes Beispiel: Im renommierten Hotel Atlantic Hamburg h\u00e4ngen \u00fcber 200 meiner Werke \u2013 jedes einzelne ein Unikat, das im historischen Kontext des Hauses und seines Gr\u00fcndungsjahres 1909 steht. Eine gro\u00dfe Ehre und zugleich Beleg f\u00fcr die Qualit\u00e4t und Aussagekraft meiner Arbeiten.<\/p>\t\t\t\t\t\t\t\t<\/div>\n\t\t\t\t<\/div>\n\t\t\t\t<div class=\"elementor-element elementor-element-43247bb elementor-widget elementor-widget-heading\" data-id=\"43247bb\" data-element_type=\"widget\" data-e-type=\"widget\" data-widget_type=\"heading.default\">\n\t\t\t\t<div class=\"elementor-widget-container\">\n\t\t\t\t\t<h2 class=\"elementor-heading-title elementor-size-default\">Was Sie bei mir in Auftrag geben k\u00f6nnen:<\/h2>\t\t\t\t<\/div>\n\t\t\t\t<\/div>\n\t\t\t\t<div class=\"elementor-element elementor-element-1d8ab9f elementor-icon-list--layout-traditional elementor-list-item-link-full_width elementor-widget elementor-widget-icon-list\" data-id=\"1d8ab9f\" data-element_type=\"widget\" data-e-type=\"widget\" data-widget_type=\"icon-list.default\">\n\t\t\t\t<div class=\"elementor-widget-container\">\n\t\t\t\t\t\t\t<ul class=\"elementor-icon-list-items\">\n\t\t\t\t\t\t\t<li class=\"elementor-icon-list-item\">\n\t\t\t\t\t\t\t\t\t\t\t<span class=\"elementor-icon-list-icon\">\n\t\t\t\t\t\t\t<svg aria-hidden=\"true\" class=\"e-font-icon-svg e-fas-chevron-right\" viewBox=\"0 0 320 512\" xmlns=\"http:\/\/www.w3.org\/2000\/svg\"><path d=\"M285.476 272.971L91.132 467.314c-9.373 9.373-24.569 9.373-33.941 0l-22.667-22.667c-9.357-9.357-9.375-24.522-.04-33.901L188.505 256 34.484 101.255c-9.335-9.379-9.317-24.544.04-33.901l22.667-22.667c9.373-9.373 24.569-9.373 33.941 0L285.475 239.03c9.373 9.372 9.373 24.568.001 33.941z\"><\/path><\/svg>\t\t\t\t\t\t<\/span>\n\t\t\t\t\t\t\t\t\t\t<span class=\"elementor-icon-list-text\"><strong>Gem\u00e4lde in Wunschgr\u00f6\u00dfe<\/strong> \u2013 perfekt abgestimmt auf Ihre R\u00e4umlichkeiten<\/span>\n\t\t\t\t\t\t\t\t\t<\/li>\n\t\t\t\t\t\t\t\t<li class=\"elementor-icon-list-item\">\n\t\t\t\t\t\t\t\t\t\t\t<span class=\"elementor-icon-list-icon\">\n\t\t\t\t\t\t\t<svg aria-hidden=\"true\" class=\"e-font-icon-svg e-fas-chevron-right\" viewBox=\"0 0 320 512\" xmlns=\"http:\/\/www.w3.org\/2000\/svg\"><path d=\"M285.476 272.971L91.132 467.314c-9.373 9.373-24.569 9.373-33.941 0l-22.667-22.667c-9.357-9.357-9.375-24.522-.04-33.901L188.505 256 34.484 101.255c-9.335-9.379-9.317-24.544.04-33.901l22.667-22.667c9.373-9.373 24.569-9.373 33.941 0L285.475 239.03c9.373 9.372 9.373 24.568.001 33.941z\"><\/path><\/svg>\t\t\t\t\t\t<\/span>\n\t\t\t\t\t\t\t\t\t\t<span class=\"elementor-icon-list-text\"><strong>Farblich individualisierte Kunstwerke<\/strong>, passend zu Ihrem Interieur<\/span>\n\t\t\t\t\t\t\t\t\t<\/li>\n\t\t\t\t\t\t\t\t<li class=\"elementor-icon-list-item\">\n\t\t\t\t\t\t\t\t\t\t\t<span class=\"elementor-icon-list-icon\">\n\t\t\t\t\t\t\t<svg aria-hidden=\"true\" class=\"e-font-icon-svg e-fas-chevron-right\" viewBox=\"0 0 320 512\" xmlns=\"http:\/\/www.w3.org\/2000\/svg\"><path d=\"M285.476 272.971L91.132 467.314c-9.373 9.373-24.569 9.373-33.941 0l-22.667-22.667c-9.357-9.357-9.375-24.522-.04-33.901L188.505 256 34.484 101.255c-9.335-9.379-9.317-24.544.04-33.901l22.667-22.667c9.373-9.373 24.569-9.373 33.941 0L285.475 239.03c9.373 9.372 9.373 24.568.001 33.941z\"><\/path><\/svg>\t\t\t\t\t\t<\/span>\n\t\t\t\t\t\t\t\t\t\t<span class=\"elementor-icon-list-text\"><strong>Integration von beigestelltem Material<\/strong> wie z.\u202fB. Segeltuch<\/span>\n\t\t\t\t\t\t\t\t\t<\/li>\n\t\t\t\t\t\t\t\t<li class=\"elementor-icon-list-item\">\n\t\t\t\t\t\t\t\t\t\t\t<span class=\"elementor-icon-list-icon\">\n\t\t\t\t\t\t\t<svg aria-hidden=\"true\" class=\"e-font-icon-svg e-fas-chevron-right\" viewBox=\"0 0 320 512\" xmlns=\"http:\/\/www.w3.org\/2000\/svg\"><path d=\"M285.476 272.971L91.132 467.314c-9.373 9.373-24.569 9.373-33.941 0l-22.667-22.667c-9.357-9.357-9.375-24.522-.04-33.901L188.505 256 34.484 101.255c-9.335-9.379-9.317-24.544.04-33.901l22.667-22.667c9.373-9.373 24.569-9.373 33.941 0L285.475 239.03c9.373 9.372 9.373 24.568.001 33.941z\"><\/path><\/svg>\t\t\t\t\t\t<\/span>\n\t\t\t\t\t\t\t\t\t\t<span class=\"elementor-icon-list-text\"><strong>Serienbilder<\/strong>, die miteinander in Verbindung stehen und eine Geschichte erz\u00e4hlen<\/span>\n\t\t\t\t\t\t\t\t\t<\/li>\n\t\t\t\t\t\t<\/ul>\n\t\t\t\t\t\t<\/div>\n\t\t\t\t<\/div>\n\t\t\t\t<div class=\"elementor-element elementor-element-ad8c953 elementor-widget elementor-widget-text-editor\" data-id=\"ad8c953\" data-element_type=\"widget\" data-e-type=\"widget\" data-widget_type=\"text-editor.default\">\n\t\t\t\t<div class=\"elementor-widget-container\">\n\t\t\t\t\t\t\t\t\t<p>Ob Einzelbild oder Bildserie \u2013 ich setze Ihre Visionen mit Sorgfalt und Leidenschaft um. Teilen Sie mir einfach Ihre W\u00fcnsche mit \u2013 ich freue mich auf Ihre Anfrage!<\/p><p>\u00a0<\/p><p><strong>Heinke B\u00f6hnert<\/strong><\/p>\t\t\t\t\t\t\t\t<\/div>\n\t\t\t\t<\/div>\n\t\t\t\t<\/div>\n\t\t\t\t\t<\/div>\n\t\t\t\t<\/div>\n\t\t<div class=\"elementor-element elementor-element-0764230 e-flex e-con-boxed e-con e-parent\" data-id=\"0764230\" data-element_type=\"container\" data-e-type=\"container\" data-settings=\"{&quot;background_background&quot;:&quot;gradient&quot;}\">\n\t\t\t\t\t<div class=\"e-con-inner\">\n\t\t\t\t<div class=\"elementor-element elementor-element-b5338fa elementor-widget elementor-widget-template\" data-id=\"b5338fa\" data-element_type=\"widget\" data-e-type=\"widget\" data-widget_type=\"template.default\">\n\t\t\t\t<div class=\"elementor-widget-container\">\n\t\t\t\t\t\t\t<div class=\"elementor-template\">\n\t\t\t\t\t<section data-elementor-type=\"section\" data-elementor-id=\"262\" class=\"elementor elementor-262\" data-elementor-post-type=\"elementor_library\">\n\t\t\t<div class=\"elementor-element elementor-element-95e73f0 e-flex e-con-boxed e-con e-parent\" data-id=\"95e73f0\" data-element_type=\"container\" data-e-type=\"container\" data-settings=\"{&quot;background_background&quot;:&quot;gradient&quot;}\">\n\t\t\t\t\t<div class=\"e-con-inner\">\n\t\t<div class=\"elementor-element elementor-element-d6ae310 e-con-full e-flex e-con e-child\" data-id=\"d6ae310\" data-element_type=\"container\" data-e-type=\"container\">\n\t\t<div class=\"elementor-element elementor-element-3b7b0cf e-con-full e-flex e-con e-child\" data-id=\"3b7b0cf\" data-element_type=\"container\" data-e-type=\"container\">\n\t\t\t\t<div class=\"elementor-element elementor-element-aa939e8 elementor-widget elementor-widget-heading\" data-id=\"aa939e8\" data-element_type=\"widget\" data-e-type=\"widget\" data-widget_type=\"heading.default\">\n\t\t\t\t<div class=\"elementor-widget-container\">\n\t\t\t\t\t<h2 class=\"elementor-heading-title elementor-size-default\">Fragen oder Interesse an einem Kunstwerk?<\/h2>\t\t\t\t<\/div>\n\t\t\t\t<\/div>\n\t\t\t\t<div class=\"elementor-element elementor-element-5280378 elementor-widget__width-initial elementor-widget elementor-widget-text-editor\" data-id=\"5280378\" data-element_type=\"widget\" data-e-type=\"widget\" data-widget_type=\"text-editor.default\">\n\t\t\t\t<div class=\"elementor-widget-container\">\n\t\t\t\t\t\t\t\t\t<p>Vereinbaren Sie einen Besichtigungstermin gerne per Nachricht oder telefonisch \u2013 ich freue mich auf den Austausch!<\/p>\t\t\t\t\t\t\t\t<\/div>\n\t\t\t\t<\/div>\n\t\t\t\t<div class=\"elementor-element elementor-element-f2326e1 elementor-widget elementor-widget-heading\" data-id=\"f2326e1\" data-element_type=\"widget\" data-e-type=\"widget\" data-widget_type=\"heading.default\">\n\t\t\t\t<div class=\"elementor-widget-container\">\n\t\t\t\t\t<h2 class=\"elementor-heading-title elementor-size-default\"><a href=\"tel:+491711941625\">+49 (0) 1711 941 625<\/a><\/h2>\t\t\t\t<\/div>\n\t\t\t\t<\/div>\n\t\t\t\t<\/div>\n\t\t<div class=\"elementor-element elementor-element-4af0efd e-con-full e-flex e-con e-child\" data-id=\"4af0efd\" data-element_type=\"container\" data-e-type=\"container\">\n\t\t\t\t<div class=\"elementor-element elementor-element-6feef1a elementor-widget__width-inherit elementor-button-align-start elementor-widget elementor-widget-form\" data-id=\"6feef1a\" data-element_type=\"widget\" data-e-type=\"widget\" data-settings=\"{&quot;step_next_label&quot;:&quot;Next&quot;,&quot;step_previous_label&quot;:&quot;Previous&quot;,&quot;button_width&quot;:&quot;100&quot;,&quot;step_type&quot;:&quot;number_text&quot;,&quot;step_icon_shape&quot;:&quot;circle&quot;}\" data-widget_type=\"form.default\">\n\t\t\t\t<div class=\"elementor-widget-container\">\n\t\t\t\t\t\t\t<form class=\"elementor-form\" method=\"post\" name=\"New Form\" aria-label=\"New Form\">\n\t\t\t<input type=\"hidden\" name=\"post_id\" value=\"262\"\/>\n\t\t\t<input type=\"hidden\" name=\"form_id\" value=\"6feef1a\"\/>\n\t\t\t<input type=\"hidden\" name=\"referer_title\" value=\"\" \/>\n\n\t\t\t\n\t\t\t<div class=\"elementor-form-fields-wrapper elementor-labels-above\">\n\t\t\t\t\t\t\t\t<div class=\"elementor-field-type-text elementor-field-group elementor-column elementor-field-group-name elementor-col-50\">\n\t\t\t\t\t\t\t\t\t\t\t\t<label for=\"form-field-name\" class=\"elementor-field-label\">\n\t\t\t\t\t\t\t\tName\t\t\t\t\t\t\t<\/label>\n\t\t\t\t\t\t\t\t\t\t\t\t\t\t<input size=\"1\" type=\"text\" name=\"form_fields[name]\" id=\"form-field-name\" class=\"elementor-field elementor-size-sm  elementor-field-textual\" placeholder=\"Max Mustermann\">\n\t\t\t\t\t\t\t\t\t\t\t<\/div>\n\t\t\t\t\t\t\t\t<div class=\"elementor-field-type-email elementor-field-group elementor-column elementor-field-group-email elementor-col-50 elementor-field-required\">\n\t\t\t\t\t\t\t\t\t\t\t\t<label for=\"form-field-email\" class=\"elementor-field-label\">\n\t\t\t\t\t\t\t\tEmail\t\t\t\t\t\t\t<\/label>\n\t\t\t\t\t\t\t\t\t\t\t\t\t\t<input size=\"1\" type=\"email\" name=\"form_fields[email]\" id=\"form-field-email\" class=\"elementor-field elementor-size-sm  elementor-field-textual\" placeholder=\"mustermann@email.com\" required=\"required\">\n\t\t\t\t\t\t\t\t\t\t\t<\/div>\n\t\t\t\t\t\t\t\t<div class=\"elementor-field-type-number elementor-field-group elementor-column elementor-field-group-field_0b53ca5 elementor-col-50\">\n\t\t\t\t\t\t\t\t\t\t\t\t<label for=\"form-field-field_0b53ca5\" class=\"elementor-field-label\">\n\t\t\t\t\t\t\t\tTelefonnummer\t\t\t\t\t\t\t<\/label>\n\t\t\t\t\t\t\t\t\t<input type=\"number\" name=\"form_fields[field_0b53ca5]\" id=\"form-field-field_0b53ca5\" class=\"elementor-field elementor-size-sm  elementor-field-textual\" placeholder=\"+49 123 4567 89 10 \" min=\"\" max=\"\" >\n\t\t\t\t\t\t<\/div>\n\t\t\t\t\t\t\t\t<div class=\"elementor-field-type-select elementor-field-group elementor-column elementor-field-group-field_ccae807 elementor-col-50\">\n\t\t\t\t\t\t\t\t\t\t\t\t<label for=\"form-field-field_ccae807\" class=\"elementor-field-label\">\n\t\t\t\t\t\t\t\tArt der Anfrage\t\t\t\t\t\t\t<\/label>\n\t\t\t\t\t\t\t\t<div class=\"elementor-field elementor-select-wrapper remove-before \">\n\t\t\t<div class=\"select-caret-down-wrapper\">\n\t\t\t\t<svg aria-hidden=\"true\" class=\"e-font-icon-svg e-eicon-caret-down\" viewBox=\"0 0 571.4 571.4\" xmlns=\"http:\/\/www.w3.org\/2000\/svg\"><path d=\"M571 393Q571 407 561 418L311 668Q300 679 286 679T261 668L11 418Q0 407 0 393T11 368 36 357H536Q550 357 561 368T571 393Z\"><\/path><\/svg>\t\t\t<\/div>\n\t\t\t<select name=\"form_fields[field_ccae807]\" id=\"form-field-field_ccae807\" class=\"elementor-field-textual elementor-size-sm\">\n\t\t\t\t\t\t\t\t\t<option value=\"Was ist Ihr Anliegen?\">Was ist Ihr Anliegen?<\/option>\n\t\t\t\t\t\t\t\t\t<option value=\"Besuch in Atelier\">Besuch in Atelier<\/option>\n\t\t\t\t\t\t\t\t\t<option value=\"Auftragsmalerei\">Auftragsmalerei<\/option>\n\t\t\t\t\t\t\t\t\t<option value=\"Sonstiges\">Sonstiges<\/option>\n\t\t\t\t\t\t\t<\/select>\n\t\t<\/div>\n\t\t\t\t\t\t<\/div>\n\t\t\t\t\t\t\t\t<div class=\"elementor-field-type-textarea elementor-field-group elementor-column elementor-field-group-field_9cd6dcd elementor-col-100\">\n\t\t\t\t\t\t\t\t\t\t\t\t<label for=\"form-field-field_9cd6dcd\" class=\"elementor-field-label\">\n\t\t\t\t\t\t\t\tAnfragetext\t\t\t\t\t\t\t<\/label>\n\t\t\t\t\t\t<textarea class=\"elementor-field-textual elementor-field  elementor-size-sm\" name=\"form_fields[field_9cd6dcd]\" id=\"form-field-field_9cd6dcd\" rows=\"4\" placeholder=\"Was ist Ihr Anliegen\"><\/textarea>\t\t\t\t<\/div>\n\t\t\t\t\t\t\t\t<div class=\"elementor-field-type-acceptance elementor-field-group elementor-column elementor-field-group-field_c7651c0 elementor-col-100 elementor-field-required\">\n\t\t\t\t\t\t\t<div class=\"elementor-field-subgroup\">\n\t\t\t<span class=\"elementor-field-option\">\n\t\t\t\t<input type=\"checkbox\" name=\"form_fields[field_c7651c0]\" id=\"form-field-field_c7651c0\" class=\"elementor-field elementor-size-sm  elementor-acceptance-field\" required=\"required\">\n\t\t\t\t<label for=\"form-field-field_c7651c0\">Hiermit stimme ich der Speicherung und Verarbeitung meiner Daten zum Zweck der Bearbeitung meines Anliegens nach der DSGVO zu.<\/label>\t\t\t<\/span>\n\t\t<\/div>\n\t\t\t\t\t\t<\/div>\n\t\t\t\t\t\t\t\t<div class=\"elementor-field-type-recaptcha_v3 elementor-field-group elementor-column elementor-field-group-field_d85d561 elementor-col-100 recaptcha_v3-bottomright\">\n\t\t\t\t\t<div class=\"elementor-field\" id=\"form-field-field_d85d561\"><div class=\"elementor-g-recaptcha\" data-sitekey=\"6LeVRjErAAAAAM13yOQtu9oIxVfsOKA9TUZhxM26\" data-type=\"v3\" data-action=\"Form\" data-badge=\"bottomright\" data-size=\"invisible\"><\/div><\/div>\t\t\t\t<\/div>\n\t\t\t\t\t\t\t\t<div class=\"elementor-field-group elementor-column elementor-field-type-submit elementor-col-100 e-form__buttons\">\n\t\t\t\t\t<button class=\"elementor-button elementor-size-sm\" type=\"submit\">\n\t\t\t\t\t\t<span class=\"elementor-button-content-wrapper\">\n\t\t\t\t\t\t\t\t\t\t\t\t\t\t\t\t\t\t\t\t\t\t<span class=\"elementor-button-text\">Nachricht absenden<\/span>\n\t\t\t\t\t\t\t\t\t\t\t\t\t<\/span>\n\t\t\t\t\t<\/button>\n\t\t\t\t<\/div>\n\t\t\t<\/div>\n\t\t<\/form>\n\t\t\t\t\t\t<\/div>\n\t\t\t\t<\/div>\n\t\t\t\t<\/div>\n\t\t\t\t<\/div>\n\t\t\t\t\t<\/div>\n\t\t\t\t<\/div>\n\t\t\t\t<\/section>\n\t\t\t\t<\/div>\n\t\t\t\t\t\t<\/div>\n\t\t\t\t<\/div>\n\t\t\t\t\t<\/div>\n\t\t\t\t<\/div>\n\t\t\t\t<\/div>\n\t\t","protected":false},"excerpt":{"rendered":"<p>Auftragsmalerei in h\u00f6chster Qualit\u00e4t Individuelle Marinemalerei Die Auftragsmalerei ist seit jeher ein Herzst\u00fcck der Marinemalerei \u2013 und genau hier liegt auch ihr Ursprung. Schon im 18. und 19. Jahrhundert lie\u00dfen Eigner, Reeder und Kapit\u00e4ne ihre stolzen Schiffe auf Leinwand verewigen, um ihre privaten R\u00e4ume oder Repr\u00e4sentationsr\u00e4ume zu schm\u00fccken. Diese Tradition lebt bis heute weiter \u2013 [&hellip;]<\/p>\n","protected":false},"author":1,"featured_media":0,"parent":0,"menu_order":0,"comment_status":"closed","ping_status":"closed","template":"","meta":{"footnotes":""},"class_list":["post-593","page","type-page","status-publish","hentry"],"_links":{"self":[{"href":"https:\/\/segelbild.de\/en\/wp-json\/wp\/v2\/pages\/593","targetHints":{"allow":["GET"]}}],"collection":[{"href":"https:\/\/segelbild.de\/en\/wp-json\/wp\/v2\/pages"}],"about":[{"href":"https:\/\/segelbild.de\/en\/wp-json\/wp\/v2\/types\/page"}],"author":[{"embeddable":true,"href":"https:\/\/segelbild.de\/en\/wp-json\/wp\/v2\/users\/1"}],"replies":[{"embeddable":true,"href":"https:\/\/segelbild.de\/en\/wp-json\/wp\/v2\/comments?post=593"}],"version-history":[{"count":0,"href":"https:\/\/segelbild.de\/en\/wp-json\/wp\/v2\/pages\/593\/revisions"}],"wp:attachment":[{"href":"https:\/\/segelbild.de\/en\/wp-json\/wp\/v2\/media?parent=593"}],"curies":[{"name":"wp","href":"https:\/\/api.w.org\/{rel}","templated":true}]}}